{"id":934,"date":"2025-06-19T15:25:34","date_gmt":"2025-06-19T15:25:34","guid":{"rendered":"https:\/\/bizimtur.de\/thy-bizim-tur\/"},"modified":"2025-06-24T14:19:24","modified_gmt":"2025-06-24T14:19:24","slug":"thy-bizim-tur","status":"publish","type":"page","link":"https:\/\/bizimtur.de\/tr\/thy-bizim-tur\/","title":{"rendered":"THY &amp; Bizim Tur"},"content":{"rendered":"\t\t<div data-elementor-type=\"wp-page\" data-elementor-id=\"934\" class=\"elementor elementor-934 elementor-620\" data-elementor-post-type=\"page\">\n\t\t\t\t<div class=\"elementor-element elementor-element-7185a74 e-flex e-con-boxed e-con e-parent\" data-id=\"7185a74\" data-element_type=\"container\">\n\t\t\t\t\t<div class=\"e-con-inner\">\n\t\t\t\t<div class=\"elementor-element elementor-element-d0a3a1e elementor-widget-mobile__width-inherit elementor-widget elementor-widget-heading\" data-id=\"d0a3a1e\" data-element_type=\"widget\" data-widget_type=\"heading.default\">\n\t\t\t\t<div class=\"elementor-widget-container\">\n\t\t\t\t\t<h2 class=\"elementor-heading-title elementor-size-default\">G\u00fcven ve ge\u00e7mi\u015fe dayal\u0131 ortakl\u0131k<\/h2>\t\t\t\t<\/div>\n\t\t\t\t<\/div>\n\t\t\t\t<div class=\"elementor-element elementor-element-a141a88 elementor-widget-mobile__width-inherit elementor-widget-tablet__width-inherit elementor-widget elementor-widget-heading\" data-id=\"a141a88\" data-element_type=\"widget\" data-widget_type=\"heading.default\">\n\t\t\t\t<div class=\"elementor-widget-container\">\n\t\t\t\t\t<h2 class=\"elementor-heading-title elementor-size-default\">Bizim Tur &amp; T\u00fcrk Hava Yollar\u0131<\/h2>\t\t\t\t<\/div>\n\t\t\t\t<\/div>\n\t\t\t\t\t<\/div>\n\t\t\t\t<\/div>\n\t\t<div class=\"elementor-element elementor-element-fac7175 e-flex e-con-boxed e-con e-parent\" data-id=\"fac7175\" data-element_type=\"container\">\n\t\t\t\t\t<div class=\"e-con-inner\">\n\t\t<div class=\"elementor-element elementor-element-308fbb9 e-con-full e-flex e-con e-child\" data-id=\"308fbb9\" data-element_type=\"container\">\n\t\t\t\t<div class=\"elementor-element elementor-element-2964325 elementor-widget__width-inherit elementor-widget-mobile__width-inherit elementor-widget elementor-widget-heading\" data-id=\"2964325\" data-element_type=\"widget\" data-widget_type=\"heading.default\">\n\t\t\t\t<div class=\"elementor-widget-container\">\n\t\t\t\t\t<h2 class=\"elementor-heading-title elementor-size-default\">K\u00f6klerimiz havac\u0131l\u0131\u011fa dayan\u0131yor<\/h2>\t\t\t\t<\/div>\n\t\t\t\t<\/div>\n\t\t\t\t<div class=\"elementor-element elementor-element-8560334 elementor-widget-mobile__width-inherit elementor-widget elementor-widget-text-editor\" data-id=\"8560334\" data-element_type=\"widget\" data-widget_type=\"text-editor.default\">\n\t\t\t\t<div class=\"elementor-widget-container\">\n\t\t\t\t\t\t\t\t\t<div class=\"et_pb_module et_pb_text et_pb_text_3 et_pb_text_align_left et_pb_bg_layout_light\"><div class=\"et_pb_text_inner\"><p class=\"p1\">1969 y\u0131l\u0131nda, kurucumuz Pa\u015fa G\u00fcven kariyerine <span class=\"s1\"><b>T\u00fcrk Hava Yollar\u0131<\/b><\/span> &#8211; \u0130stanbul Sat\u0131\u015f M\u00fcd\u00fcrl\u00fc\u011f\u00fc&#8217;nde \u00e7al\u0131\u015fmaktad\u0131r. Ki\u015fisel bir kariyer olarak ba\u015flayan bu s\u00fcre\u00e7, onlarca y\u0131l i\u00e7inde iki \u015firket aras\u0131nda yak\u0131n bir ba\u011fa d\u00f6n\u00fc\u015ft\u00fc. <span class=\"s1\"><b>BizimTur<\/b><\/span> ve d\u00fcnyan\u0131n en tan\u0131nm\u0131\u015f havayollar\u0131ndan biridir. <\/p><p class=\"p1\">\u0130stanbul, Frankfurt ve Berlin&#8217;deki istasyonlar\u0131yla Pa\u015fa G\u00fcven, T\u00fcrk Hava Yollar\u0131&#8217;n\u0131n Almanya&#8217;daki sat\u0131\u015flar\u0131n\u0131n \u015fekillenmesinde kilit bir rol oynad\u0131 ve bug\u00fcn bu deneyim \u015firketimizin temelini olu\u015fturuyor.<\/p><\/div><\/div>\t\t\t\t\t\t\t\t<\/div>\n\t\t\t\t<\/div>\n\t\t\t\t<\/div>\n\t\t<div class=\"elementor-element elementor-element-59fb0b2 e-con-full e-flex e-con e-child\" data-id=\"59fb0b2\" data-element_type=\"container\">\n\t\t\t\t<div class=\"elementor-element elementor-element-948bd58 elementor-widget elementor-widget-image\" data-id=\"948bd58\" data-element_type=\"widget\" data-widget_type=\"image.default\">\n\t\t\t\t<div class=\"elementor-widget-container\">\n\t\t\t\t\t\t\t\t\t\t\t\t\t\t\t<img fetchpriority=\"high\" decoding=\"async\" width=\"800\" height=\"578\" src=\"https:\/\/bizimtur.de\/wp-content\/uploads\/2025\/06\/WhatsApp-Image-2025-06-18-at-15.24.37-e1750404501318-1024x740.jpeg\" class=\"attachment-large size-large wp-image-913\" alt=\"\" srcset=\"https:\/\/bizimtur.de\/wp-content\/uploads\/2025\/06\/WhatsApp-Image-2025-06-18-at-15.24.37-e1750404501318-1024x740.jpeg 1024w, https:\/\/bizimtur.de\/wp-content\/uploads\/2025\/06\/WhatsApp-Image-2025-06-18-at-15.24.37-e1750404501318-300x217.jpeg 300w, https:\/\/bizimtur.de\/wp-content\/uploads\/2025\/06\/WhatsApp-Image-2025-06-18-at-15.24.37-e1750404501318-768x555.jpeg 768w, https:\/\/bizimtur.de\/wp-content\/uploads\/2025\/06\/WhatsApp-Image-2025-06-18-at-15.24.37-e1750404501318.jpeg 1167w\" sizes=\"(max-width: 800px) 100vw, 800px\" \/>\t\t\t\t\t\t\t\t\t\t\t\t\t\t\t<\/div>\n\t\t\t\t<\/div>\n\t\t\t\t<\/div>\n\t\t\t\t\t<\/div>\n\t\t\t\t<\/div>\n\t\t<div class=\"elementor-element elementor-element-9303844 e-flex e-con-boxed e-con e-parent\" data-id=\"9303844\" data-element_type=\"container\">\n\t\t\t\t\t<div class=\"e-con-inner\">\n\t\t<div class=\"elementor-element elementor-element-ecf2d40 e-con-full e-flex e-con e-child\" data-id=\"ecf2d40\" data-element_type=\"container\">\n\t\t\t\t<div class=\"elementor-element elementor-element-ea284a9 elementor-widget elementor-widget-image\" data-id=\"ea284a9\" data-element_type=\"widget\" data-widget_type=\"image.default\">\n\t\t\t\t<div class=\"elementor-widget-container\">\n\t\t\t\t\t\t\t\t\t\t\t\t\t\t\t<img decoding=\"async\" width=\"800\" height=\"600\" src=\"https:\/\/bizimtur.de\/wp-content\/uploads\/2025\/06\/WhatsApp-Image-2025-06-19-at-18.02.29.jpeg\" class=\"attachment-large size-large wp-image-914\" alt=\"\" srcset=\"https:\/\/bizimtur.de\/wp-content\/uploads\/2025\/06\/WhatsApp-Image-2025-06-19-at-18.02.29.jpeg 1024w, https:\/\/bizimtur.de\/wp-content\/uploads\/2025\/06\/WhatsApp-Image-2025-06-19-at-18.02.29-300x225.jpeg 300w, https:\/\/bizimtur.de\/wp-content\/uploads\/2025\/06\/WhatsApp-Image-2025-06-19-at-18.02.29-768x576.jpeg 768w\" sizes=\"(max-width: 800px) 100vw, 800px\" \/>\t\t\t\t\t\t\t\t\t\t\t\t\t\t\t<\/div>\n\t\t\t\t<\/div>\n\t\t\t\t<\/div>\n\t\t<div class=\"elementor-element elementor-element-082e46f e-con-full e-flex e-con e-child\" data-id=\"082e46f\" data-element_type=\"container\">\n\t\t\t\t<div class=\"elementor-element elementor-element-55cbb59 elementor-widget__width-inherit elementor-widget elementor-widget-heading\" data-id=\"55cbb59\" data-element_type=\"widget\" data-widget_type=\"heading.default\">\n\t\t\t\t<div class=\"elementor-widget-container\">\n\t\t\t\t\t<h2 class=\"elementor-heading-title elementor-size-default\">T\u00fcrk Hava Yollar\u0131 ile uzun y\u0131llara dayanan ortakl\u0131k - g\u00fc\u00e7l\u00fc, g\u00fcvenilir ve bug\u00fcn hala aktif<\/h2>\t\t\t\t<\/div>\n\t\t\t\t<\/div>\n\t\t\t\t<div class=\"elementor-element elementor-element-bd1ba1c elementor-widget-mobile__width-inherit elementor-widget elementor-widget-text-editor\" data-id=\"bd1ba1c\" data-element_type=\"widget\" data-widget_type=\"text-editor.default\">\n\t\t\t\t<div class=\"elementor-widget-container\">\n\t\t\t\t\t\t\t\t\t<div class=\"et_pb_module et_pb_text et_pb_text_3 et_pb_text_align_left et_pb_bg_layout_light\"><div class=\"et_pb_text_inner\"><p class=\"p1\">\u0130le yak\u0131n ortakl\u0131\u011f\u0131m\u0131z <span class=\"s1\"><b>T\u00fcrk Hava Yollar\u0131<\/b><\/span> sadece bir sat\u0131\u015f kanal\u0131 de\u011fil, g\u00fcvene dayal\u0131 bir ili\u015fkidir.<\/p><p class=\"p1\">\u00d6zel tahsisler ve do\u011frudan ba\u011flant\u0131lar sayesinde seyahat acentelerine ve ortaklar\u0131na \u015funlar\u0131 sunuyoruz <span class=\"s1\"><b>\u00f6zel fiyatlara eri\u015fim<\/b><\/span>standart piyasa tekliflerinin \u00e7ok \u00f6tesine ge\u00e7en &#8211; \u00f6zellikle <span class=\"s1\"><b>etni\u0307k turi\u0307zm<\/b><\/span> ve \u00f6zel fiyatlar.<\/p><p class=\"p1\"><strong>Troya rezervasyon sistemindeki<\/strong> 10 y\u0131l\u0131 a\u015fk\u0131n deneyimimizle, talebinizi h\u0131zl\u0131, do\u011frudan ve yetkin bir \u015fekilde \u00e7\u00f6zebiliriz &#8211; herhangi bir sapma olmadan. \u0130yi prova edilmi\u015f s\u00fcre\u00e7lerimiz, karma\u015f\u0131k gereksinimler i\u00e7in bile sorunsuz i\u015flemeyi garanti eder. <\/p><p class=\"p1\">Bu ba\u011flant\u0131 bize bir\u00e7ok sa\u011flay\u0131c\u0131n\u0131n sunamayaca\u011f\u0131 bir esneklik ve kalite sa\u011fl\u0131yor.<\/p><p class=\"p1\">\u0130stanbul, Frankfurt ve Berlin&#8217;deki istasyonlar\u0131yla Pa\u015fa G\u00fcven, T\u00fcrk Hava Yollar\u0131&#8217;n\u0131n Almanya&#8217;daki sat\u0131\u015flar\u0131n\u0131n \u015fekillenmesinde kilit bir rol oynad\u0131 ve bug\u00fcn bu deneyim \u015firketimizin temelini olu\u015fturuyor.<\/p><\/div><\/div>\t\t\t\t\t\t\t\t<\/div>\n\t\t\t\t<\/div>\n\t\t\t\t<\/div>\n\t\t\t\t\t<\/div>\n\t\t\t\t<\/div>\n\t\t<div class=\"elementor-element elementor-element-1369f48 e-flex e-con-boxed e-con e-parent\" data-id=\"1369f48\" data-element_type=\"container\">\n\t\t\t\t\t<div class=\"e-con-inner\">\n\t\t<div class=\"elementor-element elementor-element-4a3e727 e-con-full e-flex e-con e-child\" data-id=\"4a3e727\" data-element_type=\"container\">\n\t\t\t\t<div class=\"elementor-element elementor-element-e2bf237 elementor-widget__width-inherit elementor-widget elementor-widget-heading\" data-id=\"e2bf237\" data-element_type=\"widget\" data-widget_type=\"heading.default\">\n\t\t\t\t<div class=\"elementor-widget-container\">\n\t\t\t\t\t<h2 class=\"elementor-heading-title elementor-size-default\">Topluma ve derne\u011fe ba\u011fl\u0131l\u0131k<\/h2>\t\t\t\t<\/div>\n\t\t\t\t<\/div>\n\t\t\t\t<div class=\"elementor-element elementor-element-7fb481a elementor-widget-mobile__width-inherit elementor-widget elementor-widget-text-editor\" data-id=\"7fb481a\" data-element_type=\"widget\" data-widget_type=\"text-editor.default\">\n\t\t\t\t<div class=\"elementor-widget-container\">\n\t\t\t\t\t\t\t\t\t<div class=\"et_pb_module et_pb_text et_pb_text_3 et_pb_text_align_left et_pb_bg_layout_light\"><div class=\"et_pb_text_inner\"><p class=\"p1\">Pa\u015fa G\u00fcven \u201cin ba\u015fkanl\u0131\u011f\u0131n\u0131 yapt\u0131\u011f\u0131 <span class=\"s1\"><b>ATAB<\/b><\/span> (T\u00fcrk Hava Yollar\u0131 Acenteler Birli\u011fi) Almanya\u201d da 20 y\u0131l\u0131 a\u015fk\u0131n bir s\u00fcre g\u00f6rev yapm\u0131\u015f ve hizmetlerinden dolay\u0131 Onursal Ba\u015fkan olarak atanm\u0131\u015ft\u0131r. Bu ba\u011fl\u0131l\u0131k g\u00f6steriyor ki: <span class=\"s1\"><b>T\u00fcrk Hava Yollar\u0131 ile olan ba\u011f\u0131m\u0131z sadece profesyonel olarak de\u011fil, ayn\u0131 zamanda k\u00fclt\u00fcrel ve ki\u015fisel olarak da geli\u015fti.<\/b><\/span> <\/p><\/div><\/div>\t\t\t\t\t\t\t\t<\/div>\n\t\t\t\t<\/div>\n\t\t\t\t<\/div>\n\t\t<div class=\"elementor-element elementor-element-269fe17 e-con-full e-flex e-con e-child\" data-id=\"269fe17\" data-element_type=\"container\">\n\t\t\t\t<div class=\"elementor-element elementor-element-355ca8d elementor-widget elementor-widget-image\" data-id=\"355ca8d\" data-element_type=\"widget\" data-widget_type=\"image.default\">\n\t\t\t\t<div class=\"elementor-widget-container\">\n\t\t\t\t\t\t\t\t\t\t\t\t\t\t\t<img decoding=\"async\" width=\"800\" height=\"647\" src=\"https:\/\/bizimtur.de\/wp-content\/uploads\/2025\/06\/WhatsApp-Image-2025-06-19-at-18.03.20-e1750405312704-1024x828.jpeg\" class=\"attachment-large size-large wp-image-916\" alt=\"\" srcset=\"https:\/\/bizimtur.de\/wp-content\/uploads\/2025\/06\/WhatsApp-Image-2025-06-19-at-18.03.20-e1750405312704-1024x828.jpeg 1024w, https:\/\/bizimtur.de\/wp-content\/uploads\/2025\/06\/WhatsApp-Image-2025-06-19-at-18.03.20-e1750405312704-300x243.jpeg 300w, https:\/\/bizimtur.de\/wp-content\/uploads\/2025\/06\/WhatsApp-Image-2025-06-19-at-18.03.20-e1750405312704-768x621.jpeg 768w, https:\/\/bizimtur.de\/wp-content\/uploads\/2025\/06\/WhatsApp-Image-2025-06-19-at-18.03.20-e1750405312704.jpeg 1200w\" sizes=\"(max-width: 800px) 100vw, 800px\" \/>\t\t\t\t\t\t\t\t\t\t\t\t\t\t\t<\/div>\n\t\t\t\t<\/div>\n\t\t\t\t<\/div>\n\t\t\t\t\t<\/div>\n\t\t\t\t<\/div>\n\t\t<div class=\"elementor-element elementor-element-f0225ec e-flex e-con-boxed e-con e-parent\" data-id=\"f0225ec\" data-element_type=\"container\">\n\t\t\t\t\t<div class=\"e-con-inner\">\n\t\t<div class=\"elementor-element elementor-element-1b3df9f e-con-full e-flex e-con e-child\" data-id=\"1b3df9f\" data-element_type=\"container\">\n\t\t\t\t<div class=\"elementor-element elementor-element-fef2e22 elementor-widget elementor-widget-image\" data-id=\"fef2e22\" data-element_type=\"widget\" data-widget_type=\"image.default\">\n\t\t\t\t<div class=\"elementor-widget-container\">\n\t\t\t\t\t\t\t\t\t\t\t\t\t\t\t<img loading=\"lazy\" decoding=\"async\" width=\"800\" height=\"539\" src=\"https:\/\/bizimtur.de\/wp-content\/uploads\/2025\/06\/bizimtur-e1750405529227-1024x690.jpg\" class=\"attachment-large size-large wp-image-918\" alt=\"\" srcset=\"https:\/\/bizimtur.de\/wp-content\/uploads\/2025\/06\/bizimtur-e1750405529227-1024x690.jpg 1024w, https:\/\/bizimtur.de\/wp-content\/uploads\/2025\/06\/bizimtur-e1750405529227-300x202.jpg 300w, https:\/\/bizimtur.de\/wp-content\/uploads\/2025\/06\/bizimtur-e1750405529227-768x517.jpg 768w, https:\/\/bizimtur.de\/wp-content\/uploads\/2025\/06\/bizimtur-e1750405529227.jpg 1277w\" sizes=\"(max-width: 800px) 100vw, 800px\" \/>\t\t\t\t\t\t\t\t\t\t\t\t\t\t\t<\/div>\n\t\t\t\t<\/div>\n\t\t\t\t<\/div>\n\t\t<div class=\"elementor-element elementor-element-19c7f1f e-con-full e-flex e-con e-child\" data-id=\"19c7f1f\" data-element_type=\"container\">\n\t\t\t\t<div class=\"elementor-element elementor-element-09c365d elementor-widget__width-inherit elementor-widget elementor-widget-heading\" data-id=\"09c365d\" data-element_type=\"widget\" data-widget_type=\"heading.default\">\n\t\t\t\t<div class=\"elementor-widget-container\">\n\t\t\t\t\t<h2 class=\"elementor-heading-title elementor-size-default\">Berlin'deki evinizde - onlarca y\u0131ld\u0131r<\/h2>\t\t\t\t<\/div>\n\t\t\t\t<\/div>\n\t\t\t\t<div class=\"elementor-element elementor-element-5080248 elementor-widget-mobile__width-inherit elementor-widget elementor-widget-text-editor\" data-id=\"5080248\" data-element_type=\"widget\" data-widget_type=\"text-editor.default\">\n\t\t\t\t<div class=\"elementor-widget-container\">\n\t\t\t\t\t\t\t\t\t<div class=\"et_pb_module et_pb_text et_pb_text_3 et_pb_text_align_left et_pb_bg_layout_light\"><div class=\"et_pb_text_inner\"><p class=\"p1\">BizimTur, 30 y\u0131l\u0131 a\u015fk\u0131n s\u00fcredir Berlin&#8217;de T\u00fcrkiye&#8217;ye u\u00e7u\u015flar\u0131n ilk adresi olmu\u015ftur. Ofisimiz sadece bir sat\u0131\u015f noktas\u0131 de\u011fil, ayn\u0131 zamanda i\u015f ortakl\u0131\u011f\u0131n\u0131n bir sembol\u00fcd\u00fcr. Buras\u0131 Berlin&#8217;deki g\u00fcnl\u00fck ya\u015fam\u0131n T\u00fcrk havac\u0131l\u0131k uzmanl\u0131\u011f\u0131yla bulu\u015ftu\u011fu yer &#8211; do\u011frudan <span class=\"s1\"><b>do\u011frudan, ki\u015fisel, yetkin<\/b><\/span>.  <\/p><\/div><\/div>\t\t\t\t\t\t\t\t<\/div>\n\t\t\t\t<\/div>\n\t\t\t\t<\/div>\n\t\t\t\t\t<\/div>\n\t\t\t\t<\/div>\n\t\t\t\t<\/div>\n\t\t","protected":false},"excerpt":{"rendered":"<p>G\u00fcven ve ge\u00e7mi\u015fe dayal\u0131 ortakl\u0131k Bizim Tur &amp; T\u00fcrk Hava Yollar\u0131 K\u00f6klerimiz havac\u0131l\u0131\u011fa dayan\u0131yor 1969 y\u0131l\u0131nda, kurucumuz Pa\u015fa G\u00fcven kariyerine T\u00fcrk Hava Yollar\u0131 &#8211; \u0130stanbul Sat\u0131\u015f M\u00fcd\u00fcrl\u00fc\u011f\u00fc&#8217;nde \u00e7al\u0131\u015fmaktad\u0131r. Ki\u015fisel bir kariyer olarak ba\u015flayan bu s\u00fcre\u00e7, onlarca y\u0131l i\u00e7inde iki \u015firket aras\u0131nda yak\u0131n bir ba\u011fa d\u00f6n\u00fc\u015ft\u00fc. BizimTur ve d\u00fcnyan\u0131n en tan\u0131nm\u0131\u015f havayollar\u0131ndan biridir. \u0130stanbul, Frankfurt ve [&hellip;]<\/p>\n","protected":false},"author":1,"featured_media":0,"parent":0,"menu_order":0,"comment_status":"closed","ping_status":"closed","template":"","meta":{"_eb_attr":"","footnotes":""},"class_list":["post-934","page","type-page","status-publish","hentry"],"_links":{"self":[{"href":"https:\/\/bizimtur.de\/tr\/wp-json\/wp\/v2\/pages\/934","targetHints":{"allow":["GET"]}}],"collection":[{"href":"https:\/\/bizimtur.de\/tr\/wp-json\/wp\/v2\/pages"}],"about":[{"href":"https:\/\/bizimtur.de\/tr\/wp-json\/wp\/v2\/types\/page"}],"author":[{"embeddable":true,"href":"https:\/\/bizimtur.de\/tr\/wp-json\/wp\/v2\/users\/1"}],"replies":[{"embeddable":true,"href":"https:\/\/bizimtur.de\/tr\/wp-json\/wp\/v2\/comments?post=934"}],"version-history":[{"count":1,"href":"https:\/\/bizimtur.de\/tr\/wp-json\/wp\/v2\/pages\/934\/revisions"}],"predecessor-version":[{"id":938,"href":"https:\/\/bizimtur.de\/tr\/wp-json\/wp\/v2\/pages\/934\/revisions\/938"}],"wp:attachment":[{"href":"https:\/\/bizimtur.de\/tr\/wp-json\/wp\/v2\/media?parent=934"}],"curies":[{"name":"wp","href":"https:\/\/api.w.org\/{rel}","templated":true}]}}