{"id":945,"date":"2025-06-20T13:50:35","date_gmt":"2025-06-20T13:50:35","guid":{"rendered":"https:\/\/bizimtur.de\/kuenye\/"},"modified":"2025-06-24T14:19:38","modified_gmt":"2025-06-24T14:19:38","slug":"kuenye","status":"publish","type":"page","link":"https:\/\/bizimtur.de\/tr\/kuenye\/","title":{"rendered":"K\u00fcnye"},"content":{"rendered":"\t\t<div data-elementor-type=\"wp-page\" data-elementor-id=\"945\" class=\"elementor elementor-945 elementor-744\" data-elementor-post-type=\"page\">\n\t\t\t\t<div class=\"elementor-element elementor-element-74afa71 e-flex e-con-boxed e-con e-parent\" data-id=\"74afa71\" data-element_type=\"container\">\n\t\t\t\t\t<div class=\"e-con-inner\">\n\t\t\t\t<div class=\"elementor-element elementor-element-15db5fb elementor-widget-mobile__width-inherit elementor-widget elementor-widget-heading\" data-id=\"15db5fb\" data-element_type=\"widget\" data-widget_type=\"heading.default\">\n\t\t\t\t<div class=\"elementor-widget-container\">\n\t\t\t\t\t<h2 class=\"elementor-heading-title elementor-size-default\">K\u00fcnye<\/h2>\t\t\t\t<\/div>\n\t\t\t\t<\/div>\n\t\t\t\t\t<\/div>\n\t\t\t\t<\/div>\n\t\t<div class=\"elementor-element elementor-element-f55c898 e-flex e-con-boxed e-con e-parent\" data-id=\"f55c898\" data-element_type=\"container\">\n\t\t\t\t\t<div class=\"e-con-inner\">\n\t\t\t\t<div class=\"elementor-element elementor-element-d8ec5b1 elementor-widget elementor-widget-text-editor\" data-id=\"d8ec5b1\" data-element_type=\"widget\" data-widget_type=\"text-editor.default\">\n\t\t\t\t<div class=\"elementor-widget-container\">\n\t\t\t\t\t\t\t\t\t<p class=\"p1\">TMG Madde 5 uyar\u0131nca bilgiler<\/p><p class=\"p3\"><b>Bizim Tur GmbH<br><\/b><b><\/b> Hauptstra\u00dfe 9<br>10827 Berlin<\/p><p class=\"p1\"><strong>Ticaret sicili<\/strong>: HRB 72996 B<br><span style=\"font-family: -apple-system, BlinkMacSystemFont, 'Segoe UI', Roboto, 'Helvetica Neue', Arial, 'Noto Sans', sans-serif, 'Apple Color Emoji', 'Segoe UI Emoji', 'Segoe UI Symbol', 'Noto Color Emoji';\"><strong>Sicil mahkemesi<\/strong>: Berlin Charlottenburg Yerel Mahkemesi<br><\/span><strong>Vergi numaras\u0131<\/strong>: 37\/030\/45169<br><strong>\u00a7 27a UStG&#8217;ye g\u00f6re KDV kimli\u011fi<\/strong>: DE207926531<\/p><p class=\"p1\"><strong>Y\u00f6netim taraf\u0131ndan temsil edilen:<\/strong><br>Emre G\u00fcven<\/p><p class=\"p3\"><b>\u0130leti\u015fim<br><\/b><b><\/b> Telefon: 0177 784 68 91<br>E-posta: kontakt@bizimtur.de<\/p><p class=\"p3\"><b>\u0130leti\u015fim:<br><\/b><b><\/b> \u00d6zg\u00fcn Atalay<br>Telefon: 0176 6135 3944<\/p><p class=\"p3\"><b> <\/b><\/p><p class=\"p3\"><b>\u00a7 55 Abs. 2 RStV uyar\u0131nca i\u00e7erikten sorumludur: <br><\/b><b><\/b>Bizim Tur GmbH<\/p><p class=\"p1\">&#8211; y\u00f6netim taraf\u0131ndan temsil edilen<\/p><p class=\"p1\">Ana cadde 9<\/p><p class=\"p1\">10827 Berlin<\/p><p class=\"p3\"><b> <\/b><\/p><p class=\"p3\"><b>AB uyu\u015fmazl\u0131k \u00e7\u00f6z\u00fcm\u00fc<\/b><b><\/b><\/p><p class=\"p1\">Avrupa Komisyonu, \u00e7evrimi\u00e7i uyu\u015fmazl\u0131k \u00e7\u00f6z\u00fcm\u00fc (OS) i\u00e7in bir platform sa\u011flamaktad\u0131r:<\/p><p class=\"p1\"><a href=\"https:\/\/ec.europa.eu\/consumers\/odr\">https:\/\/ec.europa.eu\/consumers\/odr<\/a><\/p><p class=\"p1\">E-posta adresimizi yukar\u0131daki yasal bildirimde bulabilirsiniz.<\/p><p class=\"p3\"><b> <\/b><\/p><p class=\"p3\"><b>T\u00fcketici uyu\u015fmazl\u0131klar\u0131n\u0131n \u00e7\u00f6z\u00fcm\u00fc \/ evrensel tahkim merkezi<\/b><b><\/b><\/p><p class=\"p1\">Bir t\u00fcketici hakem heyeti nezdindeki uyu\u015fmazl\u0131k \u00e7\u00f6z\u00fcm i\u015flemlerine kat\u0131lmaya istekli veya y\u00fck\u00fcml\u00fc de\u011filiz.<\/p><p class=\"p3\"><b> <\/b><\/p><p class=\"p3\"><b>Sorumluluk Reddi<\/b><b><\/b><\/p><p class=\"p3\"><b>\u0130\u00e7erik i\u00e7in sorumluluk<\/b><b><\/b><\/p><p class=\"p1\">Web sitemizin i\u00e7eri\u011fi b\u00fcy\u00fck bir \u00f6zenle derlenmi\u015ftir. Ancak, i\u00e7eri\u011fin do\u011frulu\u011fu, eksiksizli\u011fi ve g\u00fcncelli\u011fi konusunda herhangi bir sorumluluk kabul edemeyiz. <\/p><p class=\"p1\">Bir hizmet sa\u011flay\u0131c\u0131 olarak, B\u00f6l\u00fcm 7 (1) DDG ve genel mevzuat uyar\u0131nca bu sayfalardaki kendi i\u00e7eri\u011fimizden sorumluyuz. <\/p><p class=\"p1\">Ancak DDG \u00a7\u00a7 8 ila 10&#8217;a g\u00f6re, bir hizmet sa\u011flay\u0131c\u0131 olarak iletilen veya saklanan \u00fc\u00e7\u00fcnc\u00fc taraf bilgilerini izlemek veya yasa d\u0131\u015f\u0131 faaliyetlere i\u015faret eden durumlar\u0131 ara\u015ft\u0131rmak zorunda de\u011filiz.<\/p><p class=\"p1\">Genel mevzuat uyar\u0131nca bilgilerin kald\u0131r\u0131lmas\u0131 veya kullan\u0131m\u0131n\u0131n engellenmesi y\u00fck\u00fcml\u00fcl\u00fckleri bundan etkilenmez.<\/p><p class=\"p1\">Ancak, bu konudaki sorumluluk sadece belirli bir ihlalin \u00f6\u011frenildi\u011fi andan itibaren m\u00fcmk\u00fcnd\u00fcr.<\/p><p class=\"p1\">Bu t\u00fcr ihlallerin fark\u0131na var\u0131r varmaz, bu i\u00e7eri\u011fi derhal kald\u0131raca\u011f\u0131z.<\/p><p class=\"p3\"><b>Ba\u011flant\u0131lar i\u00e7in sorumluluk<\/b><b><\/b><\/p><p class=\"p1\">Web sitemiz, i\u00e7eri\u011fi \u00fczerinde hi\u00e7bir etkimiz olmayan harici \u00fc\u00e7\u00fcnc\u00fc taraf web sitelerine ba\u011flant\u0131lar i\u00e7erir.<\/p><p class=\"p1\">Bu nedenle, bu \u00fc\u00e7\u00fcnc\u00fc taraf i\u00e7eri\u011fi i\u00e7in herhangi bir sorumluluk kabul edemeyiz.<\/p><p class=\"p1\">Ba\u011flant\u0131l\u0131 sayfalar\u0131n i\u00e7eri\u011finden her zaman sayfalar\u0131n ilgili sa\u011flay\u0131c\u0131s\u0131 veya operat\u00f6r\u00fc sorumludur.<\/p><p class=\"p1\">Ba\u011flant\u0131 verilen sayfalar ba\u011flant\u0131 s\u0131ras\u0131nda olas\u0131 yasal ihlallere kar\u015f\u0131 kontrol edilmi\u015ftir. Yasa d\u0131\u015f\u0131 i\u00e7erikler ba\u011flant\u0131 s\u0131ras\u0131nda fark edilememi\u015ftir. <\/p><p class=\"p1\">Bununla birlikte, ba\u011flant\u0131l\u0131 sayfalar\u0131n i\u00e7eri\u011finin s\u00fcrekli olarak izlenmesi, bir ihlale ili\u015fkin somut kan\u0131tlar olmadan makul de\u011fildir.<\/p><p class=\"p1\">Herhangi bir yasal ihlalden haberdar olursak, bu t\u00fcr ba\u011flant\u0131lar\u0131 derhal kald\u0131raca\u011f\u0131z.<\/p><p class=\"p3\"><b> <\/b><\/p><p class=\"p3\"><b>Telif Hakk\u0131<\/b><b><\/b><\/p><p class=\"p1\">Bu sayfalarda site operat\u00f6rleri taraf\u0131ndan olu\u015fturulan i\u00e7erik ve eserler Alman telif hakk\u0131 yasas\u0131na tabidir.<\/p><p class=\"p1\">\u00c7o\u011faltma, d\u00fczenleme, da\u011f\u0131t\u0131m ve telif hakk\u0131 yasas\u0131n\u0131n s\u0131n\u0131rlar\u0131 d\u0131\u015f\u0131ndaki her t\u00fcrl\u00fc kullan\u0131m, ilgili yazar\u0131n veya yarat\u0131c\u0131n\u0131n yaz\u0131l\u0131 onay\u0131n\u0131 gerektirir.<\/p><p class=\"p1\">Bu sitenin indirilmesine ve kopyalanmas\u0131na yaln\u0131zca \u00f6zel, ticari olmayan kullan\u0131m i\u00e7in izin verilir.<\/p><p class=\"p1\">Bu sitedeki i\u00e7erik operat\u00f6r taraf\u0131ndan olu\u015fturulmad\u0131\u011f\u0131 s\u00fcrece, \u00fc\u00e7\u00fcnc\u00fc taraflar\u0131n telif haklar\u0131na sayg\u0131 duyulur.<\/p><p class=\"p1\">\u00d6zellikle \u00fc\u00e7\u00fcnc\u00fc taraf i\u00e7eri\u011fi bu \u015fekilde etiketlenir.<\/p><p class=\"p1\">Yine de bir telif hakk\u0131 ihlalinden haberdar olursan\u0131z, l\u00fctfen bizi uygun \u015fekilde bilgilendirin.<\/p><p class=\"p1\">Herhangi bir yasal ihlalden haberdar olursak, s\u00f6z konusu i\u00e7eri\u011fi derhal kald\u0131raca\u011f\u0131z.<\/p><p class=\"p3\"><b> <\/b><\/p><p class=\"p3\"><b>Veri koruma<\/b><b><\/b><\/p><p class=\"p1\">Web sitemizin kullan\u0131m\u0131 genellikle ki\u015fisel veriler sa\u011flanmadan m\u00fcmk\u00fcnd\u00fcr.<\/p><p class=\"p1\">Web sitemizde ki\u015fisel veriler (\u00f6rne\u011fin isim, adres veya e-posta adresleri) topland\u0131\u011f\u0131 s\u00fcrece, bu her zaman g\u00f6n\u00fcll\u00fcl\u00fck esas\u0131na g\u00f6re yap\u0131l\u0131r.<\/p><p class=\"p1\">Bu veriler, a\u00e7\u0131k izniniz olmadan \u00fc\u00e7\u00fcnc\u00fc taraflara aktar\u0131lmayacakt\u0131r.<\/p><p class=\"p1\">\u0130nternet \u00fczerinden veri aktar\u0131m\u0131nda (\u00f6rne\u011fin e-posta ile ileti\u015fimde) g\u00fcvenlik a\u00e7\u0131klar\u0131 olabilece\u011fini belirtmek isteriz.<\/p><p class=\"p1\">Verilerin \u00fc\u00e7\u00fcnc\u00fc taraflar\u0131n eri\u015fimine kar\u015f\u0131 tam olarak korunmas\u0131 m\u00fcmk\u00fcn de\u011fildir.<\/p><p class=\"p1\">K\u00fcnye y\u00fck\u00fcml\u00fcl\u00fc\u011f\u00fc kapsam\u0131nda yay\u0131nlanan ileti\u015fim verilerinin \u00fc\u00e7\u00fcnc\u00fc \u015fah\u0131slar taraf\u0131ndan istenmeyen reklam ve bilgi materyalleri g\u00f6ndermek i\u00e7in kullan\u0131lmas\u0131n\u0131 a\u00e7\u0131k\u00e7a yasakl\u0131yoruz.<\/p><p class=\"p1\">Web sitesinin operat\u00f6rleri, \u00f6rne\u011fin spam postalar yoluyla istenmeyen reklam bilgilerinin g\u00f6nderilmesi durumunda yasal i\u015flem yapma hakk\u0131n\u0131 a\u00e7\u0131k\u00e7a sakl\u0131 tutar.<\/p>\t\t\t\t\t\t\t\t<\/div>\n\t\t\t\t<\/div>\n\t\t\t\t\t<\/div>\n\t\t\t\t<\/div>\n\t\t\t\t<\/div>\n\t\t","protected":false},"excerpt":{"rendered":"<p>K\u00fcnye TMG Madde 5 uyar\u0131nca bilgiler Bizim Tur GmbH Hauptstra\u00dfe 910827 Berlin Ticaret sicili: HRB 72996 BSicil mahkemesi: Berlin Charlottenburg Yerel MahkemesiVergi numaras\u0131: 37\/030\/45169\u00a7 27a UStG&#8217;ye g\u00f6re KDV kimli\u011fi: DE207926531 Y\u00f6netim taraf\u0131ndan temsil edilen:Emre G\u00fcven \u0130leti\u015fim Telefon: 0177 784 68 91E-posta: kontakt@bizimtur.de \u0130leti\u015fim: \u00d6zg\u00fcn AtalayTelefon: 0176 6135 3944 \u00a7 55 Abs. 2 RStV uyar\u0131nca i\u00e7erikten [&hellip;]<\/p>\n","protected":false},"author":1,"featured_media":0,"parent":0,"menu_order":0,"comment_status":"closed","ping_status":"closed","template":"","meta":{"_eb_attr":"","footnotes":""},"class_list":["post-945","page","type-page","status-publish","hentry"],"_links":{"self":[{"href":"https:\/\/bizimtur.de\/tr\/wp-json\/wp\/v2\/pages\/945","targetHints":{"allow":["GET"]}}],"collection":[{"href":"https:\/\/bizimtur.de\/tr\/wp-json\/wp\/v2\/pages"}],"about":[{"href":"https:\/\/bizimtur.de\/tr\/wp-json\/wp\/v2\/types\/page"}],"author":[{"embeddable":true,"href":"https:\/\/bizimtur.de\/tr\/wp-json\/wp\/v2\/users\/1"}],"replies":[{"embeddable":true,"href":"https:\/\/bizimtur.de\/tr\/wp-json\/wp\/v2\/comments?post=945"}],"version-history":[{"count":1,"href":"https:\/\/bizimtur.de\/tr\/wp-json\/wp\/v2\/pages\/945\/revisions"}],"predecessor-version":[{"id":946,"href":"https:\/\/bizimtur.de\/tr\/wp-json\/wp\/v2\/pages\/945\/revisions\/946"}],"wp:attachment":[{"href":"https:\/\/bizimtur.de\/tr\/wp-json\/wp\/v2\/media?parent=945"}],"curies":[{"name":"wp","href":"https:\/\/api.w.org\/{rel}","templated":true}]}}