{"id":953,"date":"2025-06-20T13:56:49","date_gmt":"2025-06-20T13:56:49","guid":{"rendered":"https:\/\/bizimtur.de\/veri-koruma\/"},"modified":"2025-06-26T12:11:25","modified_gmt":"2025-06-26T12:11:25","slug":"veri-koruma","status":"publish","type":"page","link":"https:\/\/bizimtur.de\/tr\/veri-koruma\/","title":{"rendered":"Veri koruma"},"content":{"rendered":"\t\t<div data-elementor-type=\"wp-page\" data-elementor-id=\"953\" class=\"elementor elementor-953 elementor-750\" data-elementor-post-type=\"page\">\n\t\t\t\t<div class=\"elementor-element elementor-element-759fb46 e-flex e-con-boxed e-con e-parent\" data-id=\"759fb46\" data-element_type=\"container\">\n\t\t\t\t\t<div class=\"e-con-inner\">\n\t\t\t\t<div class=\"elementor-element elementor-element-66038c3 elementor-widget-mobile__width-inherit elementor-widget elementor-widget-heading\" data-id=\"66038c3\" data-element_type=\"widget\" data-widget_type=\"heading.default\">\n\t\t\t\t<div class=\"elementor-widget-container\">\n\t\t\t\t\t<h2 class=\"elementor-heading-title elementor-size-default\">Gizlilik Politikas\u0131<\/h2>\t\t\t\t<\/div>\n\t\t\t\t<\/div>\n\t\t\t\t\t<\/div>\n\t\t\t\t<\/div>\n\t\t<div class=\"elementor-element elementor-element-d107c7d e-flex e-con-boxed e-con e-parent\" data-id=\"d107c7d\" data-element_type=\"container\">\n\t\t\t\t\t<div class=\"e-con-inner\">\n\t\t\t\t<div class=\"elementor-element elementor-element-bb59911 elementor-widget elementor-widget-text-editor\" data-id=\"bb59911\" data-element_type=\"widget\" data-widget_type=\"text-editor.default\">\n\t\t\t\t<div class=\"elementor-widget-container\">\n\t\t\t\t\t\t\t\t\t<p class=\"p1\"><b>Gizlilik Politikas\u0131<\/b><b><\/b><\/p><p class=\"p3\">Web sitemize g\u00f6sterdi\u011finiz ilgi i\u00e7in te\u015fekk\u00fcr ederiz. Ki\u015fisel verilerinizin korunmas\u0131 bizim i\u00e7in \u00f6nemlidir. A\u015fa\u011f\u0131da, Genel Veri Koruma Y\u00f6netmeli\u011fi&#8217;ne (GDPR) uygun olarak web sitemizin kullan\u0131m\u0131 ba\u011flam\u0131nda ki\u015fisel verilerin toplanmas\u0131, i\u015flenmesi ve kullan\u0131m\u0131 hakk\u0131nda sizi bilgilendiriyoruz.  <\/p><p> <\/p><p><b>1. sorumlu ki\u015fi<\/b><\/p><p class=\"p3\"><b>Bizim Tur GmbH<\/b><b><\/b><\/p><p class=\"p4\">Ana cadde 9<\/p><p class=\"p4\">10827 Berlin<\/p><p class=\"p4\">Almanya<\/p><p class=\"p4\">Telefon: 0177 784 68 91<\/p><p class=\"p4\">E-posta: kontakt@bizimtur.de<\/p><p class=\"p4\">Y\u00f6netim taraf\u0131ndan temsil edilen: Emre G\u00fcven<\/p><p> <\/p><p><b>2. ki\u015fisel verilerin toplanmas\u0131 ve saklanmas\u0131 ile bunlar\u0131n kullan\u0131m\u0131n\u0131n niteli\u011fi ve amac\u0131<\/b><\/p><p><b>a) Web sitesini ziyaret ederken<\/b><\/p><p class=\"p3\">Web sitemizi ziyaret etti\u011finizde, cihaz\u0131n\u0131zda kullan\u0131lan taray\u0131c\u0131 otomatik olarak web sitemizin sunucusuna bilgi g\u00f6nderir. Bu bilgiler ge\u00e7ici olarak g\u00fcnl\u00fck dosyas\u0131 olarak adland\u0131r\u0131lan bir dosyada saklan\u0131r. A\u015fa\u011f\u0131daki veriler sizin taraf\u0131n\u0131zdan herhangi bir i\u015flem yap\u0131lmadan toplanabilir ve otomatik olarak silinene kadar saklanabilir:  <\/p><ul><li><p class=\"p1\">Talep eden bilgisayar\u0131n IP adresi<\/p><\/li><li><p class=\"p1\">Eri\u015fim tarihi ve saati<\/p><\/li><li><p class=\"p1\">Al\u0131nan dosyan\u0131n ad\u0131 ve URL&#8217;si<\/p><\/li><li><p class=\"p1\">Eri\u015fimin yap\u0131ld\u0131\u011f\u0131 web sitesi (y\u00f6nlendiren URL)<\/p><\/li><li><p class=\"p1\">kullan\u0131lan taray\u0131c\u0131 ve varsa bilgisayar\u0131n\u0131z\u0131n i\u015fletim sistemi ve eri\u015fim sa\u011flay\u0131c\u0131n\u0131z\u0131n ad\u0131<\/p><\/li><\/ul><p class=\"p3\">Yukar\u0131da belirtilen verileri a\u015fa\u011f\u0131daki ama\u00e7lar i\u00e7in i\u015fliyoruz:<\/p><ul><li><p class=\"p1\">Web sitesine sorunsuz bir ba\u011flant\u0131 sa\u011flanmas\u0131<\/p><\/li><li><p class=\"p1\">Web sitemizin rahat bir \u015fekilde kullan\u0131lmas\u0131n\u0131 sa\u011flamak<\/p><\/li><li><p class=\"p1\">Sistem g\u00fcvenli\u011fi ve kararl\u0131l\u0131\u011f\u0131n\u0131n de\u011ferlendirilmesi<\/p><\/li><li><p class=\"p1\">idari ama\u00e7lar i\u00e7in<\/p><\/li><\/ul><p class=\"p3\">Veri i\u015flemenin yasal dayana\u011f\u0131 GDPR&#8217;nin 6. maddesinin 1. f\u0131kras\u0131n\u0131n f bendidir. Me\u015fru menfaatimiz yukar\u0131da listelenen ama\u00e7lardan kaynaklanmaktad\u0131r.   <\/p><p> <\/p><p><b>b) \u0130leti\u015fim formumuzu kullan\u0131rken<\/b><\/p><p class=\"p3\">Bize ileti\u015fim formu arac\u0131l\u0131\u011f\u0131yla soru g\u00f6nderirseniz, formda verdi\u011finiz ileti\u015fim bilgileri (\u00f6rn. ad, telefon numaras\u0131, e-posta adresi) dahil olmak \u00fczere formdaki bilgileriniz, soruyu i\u015fleme koymak amac\u0131yla ve takip sorular\u0131 durumunda taraf\u0131m\u0131zdan saklanacakt\u0131r.<\/p><p class=\"p3\"><span class=\"s2\"><b>Yasal dayanak<\/b><\/span> Bu veri i\u015fleme i\u00e7in GDPR 6. madde 1. f\u0131kra b bendi (s\u00f6zle\u015fme \u00f6ncesi \u00f6nlemler) veya GDPR 6. madde 1. f\u0131kra a bendi (verilmi\u015fse r\u0131za) ge\u00e7erlidir.    <\/p><p class=\"p3\">Verileriniz, a\u00e7\u0131k izniniz olmadan \u00fc\u00e7\u00fcnc\u00fc taraflara aktar\u0131lmayacakt\u0131r.<\/p><p> <\/p><p><b>3. verilerin if\u015fa edilmesi<\/b><\/p><p class=\"p3\">Ki\u015fisel verileriniz a\u015fa\u011f\u0131daki durumlar haricinde \u00fc\u00e7\u00fcnc\u00fc taraflara aktar\u0131lmayacakt\u0131r:<\/p><ul><li><p class=\"p1\">GDPR Madde 6 paragraf 1 lit. a uyar\u0131nca a\u00e7\u0131k r\u0131zan\u0131z\u0131 verdiniz  <\/p><\/li><li><p class=\"p1\">GDPR Madde 6 (1) (f) uyar\u0131nca yasal taleplerin olu\u015fturulmas\u0131, uygulanmas\u0131 veya savunulmas\u0131 i\u00e7in if\u015fa gereklidir  <\/p><\/li><li><p class=\"p1\">aktar\u0131m i\u00e7in yasal bir zorunluluk olmas\u0131 durumunda (GDPR Madde 6 paragraf 1 lit. c)<\/p><\/li><li><p class=\"p1\">GDPR 6. madde 1. f\u0131kra b bendi uyar\u0131nca sizinle olan s\u00f6zle\u015fmeye dayal\u0131 ili\u015fkilerin i\u015flenmesi i\u00e7in yasal olarak izin verilebilir ve gereklidir  <\/p><\/li><\/ul><p> <\/p><p><b>4. veri sahibi olarak haklar\u0131n\u0131z<\/b><\/p><p class=\"p3\">Buna hakk\u0131n var:<\/p><ul><li><p class=\"p1\">GDPR Madde 15 uyar\u0131nca taraf\u0131m\u0131zca i\u015flenen ki\u015fisel verileriniz hakk\u0131nda bilgi talep etmek<\/p><\/li><li><p class=\"p1\">GDPR Madde 16 uyar\u0131nca, hakk\u0131n\u0131zda saklanan yanl\u0131\u015f veya eksik verilerin derhal d\u00fczeltilmesini talep etmek<\/p><\/li><li><p class=\"p1\">GDPR Madde 17 uyar\u0131nca, aksi y\u00f6nde yasal saklama s\u00fcreleri olmamas\u0131 ko\u015fuluyla, saklanan verilerinizin silinmesini talep etmek<\/p><\/li><li><p class=\"p1\">GDPR Madde 18 uyar\u0131nca verilerinizin i\u015flenmesinin k\u0131s\u0131tlanmas\u0131n\u0131 talep etmek<\/p><\/li><li><p class=\"p1\">GDPR Madde 20 uyar\u0131nca, verilerinizi yap\u0131land\u0131r\u0131lm\u0131\u015f, yayg\u0131n olarak kullan\u0131lan ve makine taraf\u0131ndan okunabilir bir formatta almak veya ba\u015fka bir denetleyiciye iletilmesini talep etmek<\/p><\/li><li><p class=\"p1\">GDPR Madde 7 (3) uyar\u0131nca, izninizi istedi\u011finiz zaman geri \u00e7ekme <\/p><\/li><li><p class=\"p1\">GDPR Madde 77 uyar\u0131nca bir denetim makam\u0131na \u015fikayette bulunmak i\u00e7in<\/p><\/li><\/ul><p class=\"p3\">Berlin&#8217;deki yetkili denetim makam\u0131:<\/p><p class=\"p4\"><b>Berlin Veri Koruma ve Bilgi Edinme \u00d6zg\u00fcrl\u00fc\u011f\u00fc Komiseri<\/b><b><\/b><\/p><p class=\"p3\">Alt-Moabit 59-61<\/p><p class=\"p3\">10555 Berlin<\/p><p class=\"p3\"><a href=\"https:\/\/www.datenschutz-berlin.de\">www.datenschutz-berlin.de<\/a><\/p><p> <\/p><p><b>5. veri g\u00fcvenli\u011fi<\/b><\/p><p class=\"p3\">Web sitemizi ziyaret etti\u011finizde taray\u0131c\u0131n\u0131z taraf\u0131ndan desteklenen en y\u00fcksek \u015fifreleme seviyesi ile birlikte yayg\u0131n SSL (G\u00fcvenli Soket Katman\u0131) y\u00f6ntemini kullan\u0131yoruz. Ayr\u0131ca, verilerinizi kazara veya kas\u0131tl\u0131 manip\u00fclasyona, k\u0131smen veya tamamen kayba, imhaya veya \u00fc\u00e7\u00fcnc\u00fc taraflar\u0131n yetkisiz eri\u015fimine kar\u015f\u0131 korumak i\u00e7in uygun teknik ve organizasyonel g\u00fcvenlik \u00f6nlemleri kullan\u0131yoruz. <\/p><p> <\/p><p><b>6. \u00e7erezler ve analiz ara\u00e7lar\u0131<\/b><\/p><p class=\"p3\">Web sitemiz, kullan\u0131c\u0131 deneyimini iyile\u015ftirmek i\u00e7in \u00e7erezler kullanabilir. \u00c7erezler cihaz\u0131n\u0131za zarar vermez ve vir\u00fcs i\u00e7ermez. Taray\u0131c\u0131n\u0131zda \u00e7erez kullan\u0131m\u0131n\u0131 devre d\u0131\u015f\u0131 b\u0131rakabilirsiniz.  <\/p><p class=\"p3\">\u015eu anda Google Analytics gibi herhangi bir analiz arac\u0131 kullanm\u0131yoruz.<\/p><p> <\/p><p><strong>7. bu gi\u0307zli\u0307li\u0307k poli\u0307ti\u0307kasinin g\u00fcncelli\u0307\u011fi\u0307 ve de\u011fi\u0307\u015fti\u0307ri\u0307lmesi\u0307<\/strong><\/p><p class=\"p3\">Bu gizlilik politikas\u0131 \u015fu anda ge\u00e7erlidir ve \u015fu stat\u00fcye sahiptir <span class=\"s2\"><b>Haziran 2025<\/b><\/span>.<\/p><p class=\"p3\">Web sitemizin daha da geli\u015ftirilmesi veya yasal gereklilikler nedeniyle de\u011fi\u015fiklikler gerekli olabilir. G\u00fcncel s\u00fcr\u00fcm\u00fc her zaman web sitemizde men\u00fc \u00f6\u011fesinin alt\u0131nda bulabilirsiniz <span class=\"s2\"><b>Veri koruma<\/b><\/span>. <\/p>\t\t\t\t\t\t\t\t<\/div>\n\t\t\t\t<\/div>\n\t\t\t\t\t<\/div>\n\t\t\t\t<\/div>\n\t\t\t\t<\/div>\n\t\t","protected":false},"excerpt":{"rendered":"<p>Gizlilik Politikas\u0131 Gizlilik Politikas\u0131 Web sitemize g\u00f6sterdi\u011finiz ilgi i\u00e7in te\u015fekk\u00fcr ederiz. Ki\u015fisel verilerinizin korunmas\u0131 bizim i\u00e7in \u00f6nemlidir. A\u015fa\u011f\u0131da, Genel Veri Koruma Y\u00f6netmeli\u011fi&#8217;ne (GDPR) uygun olarak web sitemizin kullan\u0131m\u0131 ba\u011flam\u0131nda ki\u015fisel verilerin toplanmas\u0131, i\u015flenmesi ve kullan\u0131m\u0131 hakk\u0131nda sizi bilgilendiriyoruz. 1. sorumlu ki\u015fi Bizim Tur GmbH Ana cadde 9 10827 Berlin Almanya Telefon: 0177 784 68 91 [&hellip;]<\/p>\n","protected":false},"author":1,"featured_media":0,"parent":0,"menu_order":0,"comment_status":"closed","ping_status":"closed","template":"","meta":{"_eb_attr":"","footnotes":""},"class_list":["post-953","page","type-page","status-publish","hentry"],"_links":{"self":[{"href":"https:\/\/bizimtur.de\/tr\/wp-json\/wp\/v2\/pages\/953","targetHints":{"allow":["GET"]}}],"collection":[{"href":"https:\/\/bizimtur.de\/tr\/wp-json\/wp\/v2\/pages"}],"about":[{"href":"https:\/\/bizimtur.de\/tr\/wp-json\/wp\/v2\/types\/page"}],"author":[{"embeddable":true,"href":"https:\/\/bizimtur.de\/tr\/wp-json\/wp\/v2\/users\/1"}],"replies":[{"embeddable":true,"href":"https:\/\/bizimtur.de\/tr\/wp-json\/wp\/v2\/comments?post=953"}],"version-history":[{"count":1,"href":"https:\/\/bizimtur.de\/tr\/wp-json\/wp\/v2\/pages\/953\/revisions"}],"predecessor-version":[{"id":954,"href":"https:\/\/bizimtur.de\/tr\/wp-json\/wp\/v2\/pages\/953\/revisions\/954"}],"wp:attachment":[{"href":"https:\/\/bizimtur.de\/tr\/wp-json\/wp\/v2\/media?parent=953"}],"curies":[{"name":"wp","href":"https:\/\/api.w.org\/{rel}","templated":true}]}}